{"id":2488,"date":"2023-09-02T10:49:17","date_gmt":"2023-09-02T08:49:17","guid":{"rendered":"https:\/\/qinghai.be\/?page_id=2488"},"modified":"2023-11-17T18:49:46","modified_gmt":"2023-11-17T17:49:46","slug":"resservez-votre-soin","status":"publish","type":"page","link":"https:\/\/qinghai.be\/index.php\/resservez-votre-soin\/","title":{"rendered":"r\u00e9servez votre soin"},"content":{"rendered":"\t\t<div data-elementor-type=\"wp-page\" data-elementor-id=\"2488\" class=\"elementor elementor-2488\" data-elementor-post-type=\"page\">\n\t\t\t\t<div class=\"elementor-element elementor-element-c3ff1b4 e-flex e-con-boxed wpr-particle-no wpr-jarallax-no wpr-parallax-no wpr-sticky-section-no e-con e-parent\" data-id=\"c3ff1b4\" data-element_type=\"container\">\n\t\t\t\t\t<div class=\"e-con-inner\">\n\t\t\t\t<div class=\"elementor-element elementor-element-065562d elementor-widget elementor-widget-heading\" data-id=\"065562d\" data-element_type=\"widget\" data-widget_type=\"heading.default\">\n\t\t\t\t<div class=\"elementor-widget-container\">\n\t\t\t\t\t<h2 class=\"elementor-heading-title elementor-size-default\">R\u00e9servez votre soin<\/h2>\t\t\t\t<\/div>\n\t\t\t\t<\/div>\n\t\t\t\t<div class=\"elementor-element elementor-element-27d1bf5 elementor-widget elementor-widget-spacer\" data-id=\"27d1bf5\" data-element_type=\"widget\" data-widget_type=\"spacer.default\">\n\t\t\t\t<div class=\"elementor-widget-container\">\n\t\t\t\t\t\t\t<div class=\"elementor-spacer\">\n\t\t\t<div class=\"elementor-spacer-inner\"><\/div>\n\t\t<\/div>\n\t\t\t\t\t\t<\/div>\n\t\t\t\t<\/div>\n\t\t\t\t<div class=\"elementor-element elementor-element-69a19e1 elementor-widget elementor-widget-bookly-widget-bookly-form\" data-id=\"69a19e1\" data-element_type=\"widget\" data-widget_type=\"bookly-widget-bookly-form.default\">\n\t\t\t\t<div class=\"elementor-widget-container\">\n\t\t\t\t\t<!--\nPlugin Name: Bookly \u2013 Responsive WordPress Appointment Booking and Scheduling Plugin\nPlugin URI: https:\/\/www.booking-wp-plugin.com\/?utm_source=bookly_admin&utm_medium=plugins_page&utm_campaign=plugins_page\nVersion: 24.6-->\n<style type=\"text\/css\">\n    :root {\n        --bookly-main-color: #888973 !important;\n    }\n\n    <\/style><div class=\"bookly-css-root\">\n    <div id=\"bookly-form-69d32a2392de4\" class=\"bookly-form\" data-form_id=\"69d32a2392de4\" aria-live=\"polite\">\n        <div style=\"text-align: center\"><img decoding=\"async\" src=\"https:\/\/qinghai.be\/wp-includes\/js\/tinymce\/skins\/lightgray\/img\/loader.gif\" alt=\"Chargement...\"\/><\/div>\n    <\/div>\n<\/div>\n<script type=\"text\/javascript\">\n    (function (win, fn) {\n        var done = false, top = true,\n            doc = win.document,\n            root = doc.documentElement,\n            modern = doc.addEventListener,\n            add = modern ? 'addEventListener' : 'attachEvent',\n            rem = modern ? 'removeEventListener' : 'detachEvent',\n            pre = modern ? '' : 'on',\n            init = function (e) {\n                if (e.type == 'readystatechange') if (doc.readyState != 'complete') return;\n                (e.type == 'load' ? win : doc)[rem](pre + e.type, init, false);\n                if (!done) {\n                    done = true;\n                    fn.call(win, e.type || e);\n                }\n            },\n            poll = function () {\n                try {\n                    root.doScroll('left');\n                } catch (e) {\n                    setTimeout(poll, 50);\n                    return;\n                }\n                init('poll');\n            };\n        if (doc.readyState == 'complete') fn.call(win, 'lazy');\n        else {\n            if (!modern) if (root.doScroll) {\n                try {\n                    top = !win.frameElement;\n                } catch (e) {\n                }\n                if (top) poll();\n            }\n            doc[add](pre + 'DOMContentLoaded', init, false);\n            doc[add](pre + 'readystatechange', init, false);\n            win[add](pre + 'load', init, false);\n        }\n    })(window, function () {\n        window.bookly( {\"form_id\":\"69d32a2392de4\",\"status\":{\"booking\":\"new\"},\"skip_steps\":{\"service_part1\":0,\"service_part2\":0,\"extras\":1,\"time\":0,\"repeat\":1,\"cart\":1},\"errors\":{\"session_error\":\"Erreur Session.\",\"form_id_error\":\"ID Formulaire d'erreur.\",\"cart_item_not_available\":\"Le cr\\u00e9neau horaire s\\u00e9lectionn\\u00e9 n'est plus disponible. Veuillez choisir un autre cr\\u00e9neau horaire.\",\"pay_locally_not_available\":\"Le paiement local n'est pas disponible.\",\"invalid_gateway\":\"Portail invalide.\",\"payment_error\":\"Erreur\",\"incorrect_username_password\":\"Identifiant ou mot de passe incorrect.\"},\"form_attributes\":{\"hide_categories\":false,\"hide_services\":false,\"hide_staff_members\":false,\"show_number_of_persons\":false,\"hide_service_duration\":true,\"hide_locations\":true,\"hide_quantity\":true,\"hide_date\":false,\"hide_week_days\":false,\"hide_time_range\":false},\"use_client_time_zone\":0,\"defaults\":{\"service_id\":0,\"staff_id\":1,\"location_id\":0,\"category_id\":0},\"datepicker_mode\":\"text-accent\"} );\n    });\n<\/script>\t\t\t\t<\/div>\n\t\t\t\t<\/div>\n\t\t\t\t\t<\/div>\n\t\t\t\t<\/div>\n\t\t<div class=\"elementor-element elementor-element-5d579df e-flex e-con-boxed wpr-particle-no wpr-jarallax-no wpr-parallax-no wpr-sticky-section-no e-con e-parent\" data-id=\"5d579df\" data-element_type=\"container\">\n\t\t\t\t\t<div class=\"e-con-inner\">\n\t\t\t\t<div class=\"elementor-element elementor-element-bc566da elementor-widget elementor-widget-spacer\" data-id=\"bc566da\" data-element_type=\"widget\" data-widget_type=\"spacer.default\">\n\t\t\t\t<div class=\"elementor-widget-container\">\n\t\t\t\t\t\t\t<div class=\"elementor-spacer\">\n\t\t\t<div class=\"elementor-spacer-inner\"><\/div>\n\t\t<\/div>\n\t\t\t\t\t\t<\/div>\n\t\t\t\t<\/div>\n\t\t\t\t\t<\/div>\n\t\t\t\t<\/div>\n\t\t<div class=\"elementor-element elementor-element-768eb04 e-flex e-con-boxed wpr-particle-no wpr-jarallax-no wpr-parallax-no wpr-sticky-section-no e-con e-parent\" data-id=\"768eb04\" data-element_type=\"container\">\n\t\t\t\t\t<div class=\"e-con-inner\">\n\t\t\t\t<div class=\"elementor-element elementor-element-f6f4de5 elementor-widget elementor-widget-shortcode\" data-id=\"f6f4de5\" data-element_type=\"widget\" data-widget_type=\"shortcode.default\">\n\t\t\t\t<div class=\"elementor-widget-container\">\n\t\t\t\t\t\t\t<div class=\"elementor-shortcode\"><div class=\"wprev-no-slider revnotsameheight\" id=\"wprev-slider-1\"><style>#wprev-slider-1 .wprev_preview_bradius_T1 {border-radius: 12px;}#wprev-slider-1 .wprev_preview_bg1_T1::after{ border-top: 30px solid ; }<\/style><style><\/style>\t\t<div class=\"wprevpro_t1_outer_div w3_wprs-row-padding\">\r\n\t\t\t\t<div class=\"wprevpro_t1_DIV_1 w3_wprs-col l4\">\r\n\t\t\t<div class=\"wprevpro_t1_DIV_2 indrevdiv wprev_preview_tcolor1_T1  wprev_preview_bg1_T1 wprev_preview_bradius_T1\">\r\n\t\t\t\t<p class=\"wprevpro_t1_P_3 wprev_preview_tcolor1_T1\">\r\n\t\t\t\t\t<span class=\"wprevpro_star_imgs_T1\"><img decoding=\"async\" src=\"https:\/\/qinghai.be\/wp-content\/plugins\/wp-facebook-reviews\/public\/partials\/imgs\/positive-min.png\" alt=\"positive review\" class=\"wprevpro_t1_rec_img_file\">&nbsp;&nbsp;<\/span>Tr\u00e8s belle esperiece avec la premi\u00e8re s\u00e9ance de magn\u00e9tisme chez Guy Lucy, je me suis sentie lib\u00e9r\u00e9 de mon fardeau,. En effet apr\u00e8s l'\u00e9quilibrage de mes chacras j'ai eu une sensation de libert\u00e9 jamais ressenti au par avant. Je conseill\u00e9 une visite chez lui il est s\u00e9rieux rapide et on sent de suite qu'ils pratique cette discipline par amour et non par inters \u00e9conomiques. Je vois remercie du fond du c\u0153ur Guy,.Namaste \ud83d\ude4f\ud83d\ude4f\ud83d\ude4f\t\t\t\t<\/p>\r\n\t\t\t\t\t\t\t\t<img decoding=\"async\" src=\"https:\/\/qinghai.be\/wp-content\/plugins\/wp-facebook-reviews\/public\/partials\/imgs\/facebook_small_icon.png\" alt=\"Facebook Logo\" class=\"wprevpro_t1_site_logo siteicon sitetype_Facebook\">\t\t\t<\/div><span class=\"wprevpro_t1_A_8\"><img decoding=\"async\" src=\"https:\/\/qinghai.be\/wp-content\/plugins\/wp-facebook-reviews\/public\/partials\/avatars\/1664554002_5835397416563473.jpg\" alt=\"Vincenzo Macr\u00ec Avatar\" class=\"wprevpro_t1_IMG_4\" loading=\"lazy\" \/><\/span> <span class=\"wprevpro_t1_SPAN_5 wprev_preview_tcolor2_T1\">Vincenzo Macr\u00ec<br\/><span class=\"wprev_showdate_T1\">30\/09\/2022<\/span> <\/span>\r\n\t\t<\/div>\r\n\t\t\t<div class=\"wprevpro_t1_DIV_1 w3_wprs-col l4\">\r\n\t\t\t<div class=\"wprevpro_t1_DIV_2 indrevdiv wprev_preview_tcolor1_T1  wprev_preview_bg1_T1 wprev_preview_bradius_T1\">\r\n\t\t\t\t<p class=\"wprevpro_t1_P_3 wprev_preview_tcolor1_T1\">\r\n\t\t\t\t\t<span class=\"wprevpro_star_imgs_T1\"><img decoding=\"async\" src=\"https:\/\/qinghai.be\/wp-content\/plugins\/wp-facebook-reviews\/public\/partials\/imgs\/positive-min.png\" alt=\"positive review\" class=\"wprevpro_t1_rec_img_file\">&nbsp;&nbsp;<\/span>J'ai pu d\u00e9couvrir ces soins \u00e9nerg\u00e9tique gr\u00e2ce \u00e0 un concours. Tr\u00e8s gentil personne. Il explique bien en quoi consiste les soins et les manipulations qu'il fait.\t\t\t\t<\/p>\r\n\t\t\t\t\t\t\t\t<img decoding=\"async\" src=\"https:\/\/qinghai.be\/wp-content\/plugins\/wp-facebook-reviews\/public\/partials\/imgs\/facebook_small_icon.png\" alt=\"Facebook Logo\" class=\"wprevpro_t1_site_logo siteicon sitetype_Facebook\">\t\t\t<\/div><span class=\"wprevpro_t1_A_8\"><img decoding=\"async\" src=\"https:\/\/qinghai.be\/wp-content\/uploads\/wprevslider\/avatars\/1635276409_6380593385401350.jpg\" alt=\"Cindy Colla Avatar\" class=\"wprevpro_t1_IMG_4\" loading=\"lazy\" \/><\/span> <span class=\"wprevpro_t1_SPAN_5 wprev_preview_tcolor2_T1\">Cindy Colla<br\/><span class=\"wprev_showdate_T1\">26\/10\/2021<\/span> <\/span>\r\n\t\t<\/div>\r\n\t\t\t<div class=\"wprevpro_t1_DIV_1 w3_wprs-col l4\">\r\n\t\t\t<div class=\"wprevpro_t1_DIV_2 indrevdiv wprev_preview_tcolor1_T1  wprev_preview_bg1_T1 wprev_preview_bradius_T1\">\r\n\t\t\t\t<p class=\"wprevpro_t1_P_3 wprev_preview_tcolor1_T1\">\r\n\t\t\t\t\t<span class=\"wprevpro_star_imgs_T1\"><img decoding=\"async\" src=\"https:\/\/qinghai.be\/wp-content\/plugins\/wp-facebook-reviews\/public\/partials\/imgs\/positive-min.png\" alt=\"positive review\" class=\"wprevpro_t1_rec_img_file\">&nbsp;&nbsp;<\/span>Les soins prodigu\u00e9s par Guy sur toute la famille ont eu beaucoup d'impacts pour chacun de nous \u00e0 des niveaux tout \u00e0 fait diff\u00e9rents. \nUn enfant qui ne dormait pas bien tout \u00e0 coup sans raison apparente et qui maintenant passe \u00e0 nouveau de bonnes nuits\nun enfant anxieux lors des ses d\u00e9but en milieu d accueil qui se trouve beaucoup plus zen\nune personne allergique qui a beaucoup moins de sympt\u00f4mes\net une personne qui avait besoin de retrouver son \u00e9nergie et \u00e0 la suite de la s\u00e9ance a commenc\u00e9 \u00e0 prendre du temps pour elle. \n\nmerci pour tout\t\t\t\t<\/p>\r\n\t\t\t\t\t\t\t\t<img decoding=\"async\" src=\"https:\/\/qinghai.be\/wp-content\/plugins\/wp-facebook-reviews\/public\/partials\/imgs\/facebook_small_icon.png\" alt=\"Facebook Logo\" class=\"wprevpro_t1_site_logo siteicon sitetype_Facebook\">\t\t\t<\/div><span class=\"wprevpro_t1_A_8\"><img decoding=\"async\" src=\"https:\/\/qinghai.be\/wp-content\/uploads\/wprevslider\/avatars\/1652793055_6216024291829105.jpg\" alt=\"Emilie de Barsy Avatar\" class=\"wprevpro_t1_IMG_4\" loading=\"lazy\" \/><\/span> <span class=\"wprevpro_t1_SPAN_5 wprev_preview_tcolor2_T1\">Emilie de<br\/><span class=\"wprev_showdate_T1\">17\/05\/2022<\/span> <\/span>\r\n\t\t<\/div>\r\n\t\t<\/div>\r\n<\/div>\r\n<\/div>\n\t\t\t\t\t\t<\/div>\n\t\t\t\t<\/div>\n\t\t\t\t\t<\/div>\n\t\t\t\t<\/div>\n\t\t\t\t<\/div>\n\t\t","protected":false},"excerpt":{"rendered":"<p>R\u00e9servez votre soin<\/p>\n","protected":false},"author":1,"featured_media":0,"parent":0,"menu_order":0,"comment_status":"closed","ping_status":"closed","template":"","meta":{"footnotes":""},"class_list":["post-2488","page","type-page","status-publish","hentry"],"yoast_head":"<!-- This site is optimized with the Yoast SEO plugin v24.4 - https:\/\/yoast.com\/wordpress\/plugins\/seo\/ -->\n<title>Magn\u00e9tiseur certifi\u00e9 \u00e0 Bastogne, r\u00e9servez votre soin - Qinghai destressez<\/title>\n<meta name=\"description\" content=\"R\u00e9servez une s\u00e9ance harmonisante. Magn\u00e9tiseur expert, pendule (Tong-Ren) et magn\u00e9tisme cr\u00e2nien pour une gu\u00e9rison compl\u00e8te. Transformez-vous, r\u00e9servez votre bien-\u00eatre.\" \/>\n<meta name=\"robots\" content=\"index, follow, max-snippet:-1, max-image-preview:large, max-video-preview:-1\" \/>\n<link rel=\"canonical\" href=\"https:\/\/qinghai.be\/index.php\/resservez-votre-soin\/\" \/>\n<meta property=\"og:locale\" content=\"fr_FR\" \/>\n<meta property=\"og:type\" content=\"article\" \/>\n<meta property=\"og:title\" content=\"Magn\u00e9tiseur certifi\u00e9 \u00e0 Bastogne, r\u00e9servez votre soin - Qinghai destressez\" \/>\n<meta property=\"og:description\" content=\"R\u00e9servez une s\u00e9ance harmonisante. Magn\u00e9tiseur expert, pendule (Tong-Ren) et magn\u00e9tisme cr\u00e2nien pour une gu\u00e9rison compl\u00e8te. Transformez-vous, r\u00e9servez votre bien-\u00eatre.\" \/>\n<meta property=\"og:url\" content=\"https:\/\/qinghai.be\/index.php\/resservez-votre-soin\/\" \/>\n<meta property=\"og:site_name\" content=\"Qinghai\" \/>\n<meta property=\"article:modified_time\" content=\"2023-11-17T17:49:46+00:00\" \/>\n<meta name=\"twitter:card\" content=\"summary_large_image\" \/>\n<meta name=\"twitter:label1\" content=\"Dur\u00e9e de lecture estim\u00e9e\" \/>\n\t<meta name=\"twitter:data1\" content=\"1 minute\" \/>\n<script type=\"application\/ld+json\" class=\"yoast-schema-graph\">{\"@context\":\"https:\/\/schema.org\",\"@graph\":[{\"@type\":\"WebPage\",\"@id\":\"https:\/\/qinghai.be\/index.php\/resservez-votre-soin\/\",\"url\":\"https:\/\/qinghai.be\/index.php\/resservez-votre-soin\/\",\"name\":\"Magn\u00e9tiseur certifi\u00e9 \u00e0 Bastogne, r\u00e9servez votre soin - Qinghai destressez\",\"isPartOf\":{\"@id\":\"https:\/\/qinghai.be\/#website\"},\"datePublished\":\"2023-09-02T08:49:17+00:00\",\"dateModified\":\"2023-11-17T17:49:46+00:00\",\"description\":\"R\u00e9servez une s\u00e9ance harmonisante. Magn\u00e9tiseur expert, pendule (Tong-Ren) et magn\u00e9tisme cr\u00e2nien pour une gu\u00e9rison compl\u00e8te. Transformez-vous, r\u00e9servez votre bien-\u00eatre.\",\"breadcrumb\":{\"@id\":\"https:\/\/qinghai.be\/index.php\/resservez-votre-soin\/#breadcrumb\"},\"inLanguage\":\"fr-FR\",\"potentialAction\":[{\"@type\":\"ReadAction\",\"target\":[\"https:\/\/qinghai.be\/index.php\/resservez-votre-soin\/\"]}]},{\"@type\":\"BreadcrumbList\",\"@id\":\"https:\/\/qinghai.be\/index.php\/resservez-votre-soin\/#breadcrumb\",\"itemListElement\":[{\"@type\":\"ListItem\",\"position\":1,\"name\":\"Accueil\",\"item\":\"https:\/\/qinghai.be\/\"},{\"@type\":\"ListItem\",\"position\":2,\"name\":\"r\u00e9servez votre soin\"}]},{\"@type\":\"WebSite\",\"@id\":\"https:\/\/qinghai.be\/#website\",\"url\":\"https:\/\/qinghai.be\/\",\"name\":\"Qinghai\",\"description\":\"\",\"publisher\":{\"@id\":\"https:\/\/qinghai.be\/#\/schema\/person\/fee719fb127796273bbc277713606a8d\"},\"potentialAction\":[{\"@type\":\"SearchAction\",\"target\":{\"@type\":\"EntryPoint\",\"urlTemplate\":\"https:\/\/qinghai.be\/?s={search_term_string}\"},\"query-input\":{\"@type\":\"PropertyValueSpecification\",\"valueRequired\":true,\"valueName\":\"search_term_string\"}}],\"inLanguage\":\"fr-FR\"},{\"@type\":[\"Person\",\"Organization\"],\"@id\":\"https:\/\/qinghai.be\/#\/schema\/person\/fee719fb127796273bbc277713606a8d\",\"name\":\"Guy Lucy\",\"image\":{\"@type\":\"ImageObject\",\"inLanguage\":\"fr-FR\",\"@id\":\"https:\/\/qinghai.be\/#\/schema\/person\/image\/\",\"url\":\"https:\/\/qinghai.be\/wp-content\/uploads\/2023\/07\/Taille-originale-Quinghai.png\",\"contentUrl\":\"https:\/\/qinghai.be\/wp-content\/uploads\/2023\/07\/Taille-originale-Quinghai.png\",\"width\":500,\"height\":500,\"caption\":\"Guy Lucy\"},\"logo\":{\"@id\":\"https:\/\/qinghai.be\/#\/schema\/person\/image\/\"},\"sameAs\":[\"http:\/\/www.qinghai.be\"]}]}<\/script>\n<!-- \/ Yoast SEO plugin. -->","yoast_head_json":{"title":"Magn\u00e9tiseur certifi\u00e9 \u00e0 Bastogne, r\u00e9servez votre soin - Qinghai destressez","description":"R\u00e9servez une s\u00e9ance harmonisante. Magn\u00e9tiseur expert, pendule (Tong-Ren) et magn\u00e9tisme cr\u00e2nien pour une gu\u00e9rison compl\u00e8te. Transformez-vous, r\u00e9servez votre bien-\u00eatre.","robots":{"index":"index","follow":"follow","max-snippet":"max-snippet:-1","max-image-preview":"max-image-preview:large","max-video-preview":"max-video-preview:-1"},"canonical":"https:\/\/qinghai.be\/index.php\/resservez-votre-soin\/","og_locale":"fr_FR","og_type":"article","og_title":"Magn\u00e9tiseur certifi\u00e9 \u00e0 Bastogne, r\u00e9servez votre soin - Qinghai destressez","og_description":"R\u00e9servez une s\u00e9ance harmonisante. Magn\u00e9tiseur expert, pendule (Tong-Ren) et magn\u00e9tisme cr\u00e2nien pour une gu\u00e9rison compl\u00e8te. Transformez-vous, r\u00e9servez votre bien-\u00eatre.","og_url":"https:\/\/qinghai.be\/index.php\/resservez-votre-soin\/","og_site_name":"Qinghai","article_modified_time":"2023-11-17T17:49:46+00:00","twitter_card":"summary_large_image","twitter_misc":{"Dur\u00e9e de lecture estim\u00e9e":"1 minute"},"schema":{"@context":"https:\/\/schema.org","@graph":[{"@type":"WebPage","@id":"https:\/\/qinghai.be\/index.php\/resservez-votre-soin\/","url":"https:\/\/qinghai.be\/index.php\/resservez-votre-soin\/","name":"Magn\u00e9tiseur certifi\u00e9 \u00e0 Bastogne, r\u00e9servez votre soin - Qinghai destressez","isPartOf":{"@id":"https:\/\/qinghai.be\/#website"},"datePublished":"2023-09-02T08:49:17+00:00","dateModified":"2023-11-17T17:49:46+00:00","description":"R\u00e9servez une s\u00e9ance harmonisante. Magn\u00e9tiseur expert, pendule (Tong-Ren) et magn\u00e9tisme cr\u00e2nien pour une gu\u00e9rison compl\u00e8te. Transformez-vous, r\u00e9servez votre bien-\u00eatre.","breadcrumb":{"@id":"https:\/\/qinghai.be\/index.php\/resservez-votre-soin\/#breadcrumb"},"inLanguage":"fr-FR","potentialAction":[{"@type":"ReadAction","target":["https:\/\/qinghai.be\/index.php\/resservez-votre-soin\/"]}]},{"@type":"BreadcrumbList","@id":"https:\/\/qinghai.be\/index.php\/resservez-votre-soin\/#breadcrumb","itemListElement":[{"@type":"ListItem","position":1,"name":"Accueil","item":"https:\/\/qinghai.be\/"},{"@type":"ListItem","position":2,"name":"r\u00e9servez votre soin"}]},{"@type":"WebSite","@id":"https:\/\/qinghai.be\/#website","url":"https:\/\/qinghai.be\/","name":"Qinghai","description":"","publisher":{"@id":"https:\/\/qinghai.be\/#\/schema\/person\/fee719fb127796273bbc277713606a8d"},"potentialAction":[{"@type":"SearchAction","target":{"@type":"EntryPoint","urlTemplate":"https:\/\/qinghai.be\/?s={search_term_string}"},"query-input":{"@type":"PropertyValueSpecification","valueRequired":true,"valueName":"search_term_string"}}],"inLanguage":"fr-FR"},{"@type":["Person","Organization"],"@id":"https:\/\/qinghai.be\/#\/schema\/person\/fee719fb127796273bbc277713606a8d","name":"Guy Lucy","image":{"@type":"ImageObject","inLanguage":"fr-FR","@id":"https:\/\/qinghai.be\/#\/schema\/person\/image\/","url":"https:\/\/qinghai.be\/wp-content\/uploads\/2023\/07\/Taille-originale-Quinghai.png","contentUrl":"https:\/\/qinghai.be\/wp-content\/uploads\/2023\/07\/Taille-originale-Quinghai.png","width":500,"height":500,"caption":"Guy Lucy"},"logo":{"@id":"https:\/\/qinghai.be\/#\/schema\/person\/image\/"},"sameAs":["http:\/\/www.qinghai.be"]}]}},"acf":[],"_links":{"self":[{"href":"https:\/\/qinghai.be\/index.php\/wp-json\/wp\/v2\/pages\/2488","targetHints":{"allow":["GET"]}}],"collection":[{"href":"https:\/\/qinghai.be\/index.php\/wp-json\/wp\/v2\/pages"}],"about":[{"href":"https:\/\/qinghai.be\/index.php\/wp-json\/wp\/v2\/types\/page"}],"author":[{"embeddable":true,"href":"https:\/\/qinghai.be\/index.php\/wp-json\/wp\/v2\/users\/1"}],"replies":[{"embeddable":true,"href":"https:\/\/qinghai.be\/index.php\/wp-json\/wp\/v2\/comments?post=2488"}],"version-history":[{"count":30,"href":"https:\/\/qinghai.be\/index.php\/wp-json\/wp\/v2\/pages\/2488\/revisions"}],"predecessor-version":[{"id":3074,"href":"https:\/\/qinghai.be\/index.php\/wp-json\/wp\/v2\/pages\/2488\/revisions\/3074"}],"wp:attachment":[{"href":"https:\/\/qinghai.be\/index.php\/wp-json\/wp\/v2\/media?parent=2488"}],"curies":[{"name":"wp","href":"https:\/\/api.w.org\/{rel}","templated":true}]}}